{"id":489,"date":"2021-12-09T10:17:51","date_gmt":"2021-12-09T10:17:51","guid":{"rendered":"http:\/\/laczna2.opslaczna.pl\/?page_id=489"},"modified":"2021-12-09T10:18:27","modified_gmt":"2021-12-09T10:18:27","slug":"terminarz-wyplat","status":"publish","type":"page","link":"https:\/\/opslaczna.pl\/?page_id=489","title":{"rendered":"Terminarz wyp\u0142at"},"content":{"rendered":"\t\t<div data-elementor-type=\"wp-page\" data-elementor-id=\"489\" class=\"elementor elementor-489\">\n\t\t\t\t\t\t<section class=\"elementor-section elementor-top-section elementor-element elementor-element-784c3b9 elementor-section-boxed elementor-section-height-default elementor-section-height-default\" data-id=\"784c3b9\" data-element_type=\"section\">\n\t\t\t\t\t\t<div class=\"elementor-container elementor-column-gap-default\">\n\t\t\t\t\t<div class=\"elementor-column elementor-col-100 elementor-top-column elementor-element elementor-element-e16d419\" data-id=\"e16d419\" data-element_type=\"column\">\n\t\t\t<div class=\"elementor-widget-wrap elementor-element-populated\">\n\t\t\t\t\t\t<div class=\"elementor-element elementor-element-2252aa9 elementor-widget elementor-widget-text-editor\" data-id=\"2252aa9\" data-element_type=\"widget\" data-widget_type=\"text-editor.default\">\n\t\t\t\t<div class=\"elementor-widget-container\">\n\t\t\t\t\t\t\t\t\t<h2 class=\"western\" align=\"center\">Terminarz wyp\u0142at<\/h2><p align=\"center\"><br \/><br \/><\/p><p align=\"center\"><span style=\"font-family: Times New Roman, serif;\"><span style=\"font-size: large;\"><b>Gminny O\u015brodek Pomocy Spo\u0142ecznej w \u0141\u0105cznej <\/b><\/span><\/span><\/p><p align=\"center\"><span style=\"font-family: Times New Roman, serif;\"><span style=\"font-size: large;\">poni\u017cej przestawia harmonogram <\/span><\/span><span style=\"font-family: Times New Roman, serif;\"><span style=\"font-size: large;\">wyp\u0142aty \u015bwiadcze\u0144 rodzinnych <\/span><\/span><strong><span style=\"font-family: Times New Roman, serif;\"><span style=\"font-size: large;\">i <\/span><\/span><\/strong><strong><span style=\"font-family: Times New Roman, serif;\"><span style=\"font-size: large;\">\u015bwiadcze\u0144 z <\/span><\/span><\/strong><strong><span style=\"font-family: Times New Roman, serif;\"><span style=\"font-size: large;\">funduszu alimentacyjnego <\/span><\/span><\/strong><span style=\"font-family: Times New Roman, serif;\"><span style=\"font-size: large;\">w okresie zasi\u0142kowym 2021\/2022.<\/span><\/span><\/p><p align=\"center\">\u00a0<\/p><p align=\"center\">\u00a0<\/p><table width=\"100%\" cellspacing=\"0\" cellpadding=\"4\"><tbody><tr valign=\"top\"><td width=\"7%\" height=\"26\"><p align=\"center\"><span style=\"font-family: Times New Roman, serif;\"><span style=\"font-size: small;\">Lp.<\/span><\/span><\/p><\/td><td width=\"30%\"><p align=\"center\"><span style=\"font-family: Times New Roman, serif;\"><span style=\"font-size: small;\">Miesi\u0105c, kt\u00f3rego dotyczy wyp\u0142aty<\/span><\/span><\/p><\/td><td width=\"63%\"><p align=\"center\"><span style=\"font-family: Times New Roman, serif;\"><span style=\"font-size: small;\">Termin wyp\u0142aty \u015bwiadcze\u0144 w poszczeg\u00f3lnych miesi\u0105cach<\/span><\/span><\/p><\/td><\/tr><tr valign=\"top\"><td width=\"7%\"><p align=\"center\"><span style=\"font-family: Times New Roman, serif;\"><span style=\"font-size: small;\">1<\/span><\/span><\/p><\/td><td width=\"30%\"><p align=\"left\"><span style=\"font-family: Times New Roman, serif;\"><span style=\"font-size: small;\">Listopad 2021<\/span><\/span><\/p><\/td><td width=\"63%\"><p align=\"center\"><span style=\"font-family: Times New Roman, serif;\"><span style=\"font-size: small;\">24.11.2021<\/span><\/span><\/p><\/td><\/tr><tr valign=\"top\"><td width=\"7%\"><p align=\"center\"><span style=\"font-family: Times New Roman, serif;\"><span style=\"font-size: small;\">2<\/span><\/span><\/p><\/td><td width=\"30%\"><p align=\"left\"><span style=\"font-family: Times New Roman, serif;\"><span style=\"font-size: small;\">Grudzie\u0144 2021<\/span><\/span><\/p><\/td><td width=\"63%\"><p align=\"center\"><span style=\"font-family: Times New Roman, serif;\"><span style=\"font-size: small;\">16.12.2021<\/span><\/span><\/p><\/td><\/tr><tr valign=\"top\"><td width=\"7%\"><p align=\"center\"><span style=\"font-family: Times New Roman, serif;\"><span style=\"font-size: small;\">3<\/span><\/span><\/p><\/td><td width=\"30%\"><p align=\"left\"><span style=\"font-family: Times New Roman, serif;\"><span style=\"font-size: small;\">Stycze\u0144 2022<\/span><\/span><\/p><\/td><td width=\"63%\"><p align=\"center\"><span style=\"font-family: Times New Roman, serif;\"><span style=\"font-size: small;\">24.01.2022<\/span><\/span><\/p><\/td><\/tr><tr valign=\"top\"><td width=\"7%\" height=\"5\"><p align=\"center\"><span style=\"font-family: Times New Roman, serif;\"><span style=\"font-size: small;\">4<\/span><\/span><\/p><\/td><td width=\"30%\"><p align=\"left\"><span style=\"font-family: Times New Roman, serif;\"><span style=\"font-size: small;\">luty 2022<\/span><\/span><\/p><\/td><td width=\"63%\"><p align=\"center\"><span style=\"font-family: Times New Roman, serif;\"><span style=\"font-size: small;\">24.02.2022<\/span><\/span><\/p><\/td><\/tr><tr valign=\"top\"><td width=\"7%\"><p align=\"center\"><span style=\"font-family: Times New Roman, serif;\"><span style=\"font-size: small;\">5<\/span><\/span><\/p><\/td><td width=\"30%\"><p align=\"left\"><span style=\"font-family: Times New Roman, serif;\"><span style=\"font-size: small;\">Marzec 2022<\/span><\/span><\/p><\/td><td width=\"63%\"><p align=\"center\"><span style=\"font-family: Times New Roman, serif;\"><span style=\"font-size: small;\">24.03.2022<\/span><\/span><\/p><\/td><\/tr><tr valign=\"top\"><td width=\"7%\"><p align=\"center\"><span style=\"font-family: Times New Roman, serif;\"><span style=\"font-size: small;\">6<\/span><\/span><\/p><\/td><td width=\"30%\"><p align=\"left\"><span style=\"font-family: Times New Roman, serif;\"><span style=\"font-size: small;\">Kwiecie\u0144 2022<\/span><\/span><\/p><\/td><td width=\"63%\"><p align=\"center\"><span style=\"font-family: Times New Roman, serif;\"><span style=\"font-size: small;\">24.04.2022<\/span><\/span><\/p><\/td><\/tr><tr valign=\"top\"><td width=\"7%\"><p align=\"center\"><span style=\"font-family: Times New Roman, serif;\"><span style=\"font-size: small;\">7<\/span><\/span><\/p><\/td><td width=\"30%\"><p align=\"left\"><span style=\"font-family: Times New Roman, serif;\"><span style=\"font-size: small;\">maj 2022<\/span><\/span><\/p><\/td><td width=\"63%\"><p align=\"center\"><span style=\"font-family: Times New Roman, serif;\"><span style=\"font-size: small;\">24.05.2022<\/span><\/span><\/p><\/td><\/tr><tr valign=\"top\"><td width=\"7%\"><p align=\"center\"><span style=\"font-family: Times New Roman, serif;\"><span style=\"font-size: small;\">8<\/span><\/span><\/p><\/td><td width=\"30%\"><p align=\"left\"><span style=\"font-family: Times New Roman, serif;\"><span style=\"font-size: small;\">Czerwiec 2022<\/span><\/span><\/p><\/td><td width=\"63%\"><p align=\"center\"><span style=\"font-family: Times New Roman, serif;\"><span style=\"font-size: small;\">24.06.2022<\/span><\/span><\/p><\/td><\/tr><tr valign=\"top\"><td width=\"7%\"><p align=\"center\"><span style=\"font-family: Times New Roman, serif;\"><span style=\"font-size: small;\">9<\/span><\/span><\/p><\/td><td width=\"30%\"><p align=\"left\"><span style=\"font-family: Times New Roman, serif;\"><span style=\"font-size: small;\">Lipiec 2022<\/span><\/span><\/p><\/td><td width=\"63%\"><p align=\"center\"><span style=\"font-family: Times New Roman, serif;\"><span style=\"font-size: small;\">25.07.2022<\/span><\/span><\/p><\/td><\/tr><tr valign=\"top\"><td width=\"7%\"><p align=\"center\"><span style=\"font-family: Times New Roman, serif;\"><span style=\"font-size: small;\">10<\/span><\/span><\/p><\/td><td width=\"30%\"><p align=\"left\"><span style=\"font-family: Times New Roman, serif;\"><span style=\"font-size: small;\">Sierpie\u0144 2022<\/span><\/span><\/p><\/td><td width=\"63%\"><p align=\"center\"><span style=\"font-family: Times New Roman, serif;\"><span style=\"font-size: small;\">25.08.2022<\/span><\/span><\/p><\/td><\/tr><tr valign=\"top\"><td width=\"7%\"><p align=\"center\"><span style=\"font-family: Times New Roman, serif;\"><span style=\"font-size: small;\">11<\/span><\/span><\/p><\/td><td width=\"30%\"><p align=\"left\"><span style=\"font-family: Times New Roman, serif;\"><span style=\"font-size: small;\">Wrzesie\u0144 2022<\/span><\/span><\/p><\/td><td width=\"63%\"><p align=\"center\"><span style=\"font-family: Times New Roman, serif;\"><span style=\"font-size: small;\">23.09.2022<\/span><\/span><\/p><\/td><\/tr><tr valign=\"top\"><td width=\"7%\"><p align=\"center\"><span style=\"font-family: Times New Roman, serif;\"><span style=\"font-size: small;\">12<\/span><\/span><\/p><\/td><td width=\"30%\"><p align=\"left\"><span style=\"font-family: Times New Roman, serif;\"><span style=\"font-size: small;\">Pa\u017adziernik 2022<\/span><\/span><\/p><\/td><td width=\"63%\"><p align=\"center\"><span style=\"font-family: Times New Roman, serif;\"><span style=\"font-size: small;\">25.10.2022<\/span><\/span><\/p><\/td><\/tr><\/tbody><\/table><h2 class=\"western\" align=\"center\"><span style=\"font-family: Times New Roman, serif;\"><span style=\"font-size: large;\"><b>\u015awiadczenia wychowawcze<\/b><\/span><\/span><\/h2><h2 class=\"western\" align=\"left\"><span style=\"font-family: Times New Roman, serif;\"><span style=\"font-size: medium;\">wyp\u0142acane b\u0119d\u0105 15 dnia ka\u017cdego miesi\u0105ca zgodnie ze z\u0142o\u017con\u0105 przez Pani\u0105\/Pana dyspozycj\u0105. <\/span><\/span><\/h2><h2 class=\"western\" align=\"left\"><span style=\"font-family: Times New Roman, serif;\"><span style=\"font-size: medium;\">W sytuacji, gdy dzie\u0144 wyp\u0142aty \u015bwiadcze\u0144 przypada na dzie\u0144 ustawowo wolny od pracy- wyp\u0142ata nast\u0105pi w kolejnym dniu roboczym. W przypadku braku \u015brodk\u00f3w na wyp\u0142at\u0119 we wskazanym dniu, \u015bwiadczenie wyp\u0142acane b\u0119dzie po wp\u0142ywie dotacji.<\/span><\/span><\/h2>\t\t\t\t\t\t\t\t<\/div>\n\t\t\t\t<\/div>\n\t\t\t\t\t<\/div>\n\t\t<\/div>\n\t\t\t\t\t<\/div>\n\t\t<\/section>\n\t\t\t\t<\/div>\n\t\t","protected":false},"excerpt":{"rendered":"<p>Terminarz wyp\u0142at Gminny O\u015brodek Pomocy Spo\u0142ecznej w \u0141\u0105cznej poni\u017cej przestawia harmonogram wyp\u0142aty \u015bwiadcze\u0144 rodzinnych i \u015bwiadcze\u0144 z funduszu alimentacyjnego w okresie zasi\u0142kowym 2021\/2022. \u00a0 \u00a0 Lp. Miesi\u0105c, kt\u00f3rego dotyczy wyp\u0142aty Termin wyp\u0142aty \u015bwiadcze\u0144 w poszczeg\u00f3lnych miesi\u0105cach 1 Listopad 2021 24.11.2021 2 Grudzie\u0144 2021 16.12.2021 3 Stycze\u0144 2022 24.01.2022 4 luty 2022 24.02.2022 5 Marzec 2022 &hellip; <\/p>\n","protected":false},"author":2,"featured_media":0,"parent":0,"menu_order":0,"comment_status":"closed","ping_status":"closed","template":"","meta":{"footnotes":""},"class_list":["post-489","page","type-page","status-publish","hentry"],"_links":{"self":[{"href":"https:\/\/opslaczna.pl\/index.php?rest_route=\/wp\/v2\/pages\/489","targetHints":{"allow":["GET"]}}],"collection":[{"href":"https:\/\/opslaczna.pl\/index.php?rest_route=\/wp\/v2\/pages"}],"about":[{"href":"https:\/\/opslaczna.pl\/index.php?rest_route=\/wp\/v2\/types\/page"}],"author":[{"embeddable":true,"href":"https:\/\/opslaczna.pl\/index.php?rest_route=\/wp\/v2\/users\/2"}],"replies":[{"embeddable":true,"href":"https:\/\/opslaczna.pl\/index.php?rest_route=%2Fwp%2Fv2%2Fcomments&post=489"}],"version-history":[{"count":4,"href":"https:\/\/opslaczna.pl\/index.php?rest_route=\/wp\/v2\/pages\/489\/revisions"}],"predecessor-version":[{"id":493,"href":"https:\/\/opslaczna.pl\/index.php?rest_route=\/wp\/v2\/pages\/489\/revisions\/493"}],"wp:attachment":[{"href":"https:\/\/opslaczna.pl\/index.php?rest_route=%2Fwp%2Fv2%2Fmedia&parent=489"}],"curies":[{"name":"wp","href":"https:\/\/api.w.org\/{rel}","templated":true}]}}