{"id":26,"date":"2021-01-11T09:43:56","date_gmt":"2021-01-11T09:43:56","guid":{"rendered":"http:\/\/laczna2.opslaczna.pl\/?page_id=26"},"modified":"2026-01-16T06:16:15","modified_gmt":"2026-01-16T06:16:15","slug":"fundusz-alimentacyjny","status":"publish","type":"page","link":"https:\/\/opslaczna.pl\/?page_id=26","title":{"rendered":"Fundusz Alimentacyjny"},"content":{"rendered":"\t\t<div data-elementor-type=\"wp-page\" data-elementor-id=\"26\" class=\"elementor elementor-26\">\n\t\t\t\t\t\t<section class=\"elementor-section elementor-top-section elementor-element elementor-element-6600446d elementor-section-boxed elementor-section-height-default elementor-section-height-default\" data-id=\"6600446d\" data-element_type=\"section\">\n\t\t\t\t\t\t<div class=\"elementor-container elementor-column-gap-default\">\n\t\t\t\t\t<div class=\"elementor-column elementor-col-100 elementor-top-column elementor-element elementor-element-6e34abd2\" data-id=\"6e34abd2\" data-element_type=\"column\">\n\t\t\t<div class=\"elementor-widget-wrap elementor-element-populated\">\n\t\t\t\t\t\t<div class=\"elementor-element elementor-element-720d5924 elementor-widget elementor-widget-text-editor\" data-id=\"720d5924\" data-element_type=\"widget\" data-widget_type=\"text-editor.default\">\n\t\t\t\t<div class=\"elementor-widget-container\">\n\t\t\t\t\t\t\t\t\t<h2>Fundusz Alimentacyjny<\/h2>\n<p>Fundusz alimentacyjny to system wspierania os\u00f3b uprawnionych do aliment\u00f3w. Jest to wyznaczona przez pa\u0144stwo okre\u015blona pula pieni\u0119\u017cna na wyp\u0142at\u0119 \u015bwiadcze\u0144 dla dzieci i innych os\u00f3b w przypadku niemo\u017cno\u015bci wyegzekwowania \u015bwiadcze\u0144 alimentacyjnych. Wniosek o ustalenie prawa do \u015bwiadcze\u0144 z funduszu alimentacyjnego oraz ich wyp\u0142ata nast\u0119puje na wniosek osoby uprawnionej lub jego przedstawiciela ustawowego. \u015awiadczenia z funduszu alimentacyjnego przyznawane s\u0105 na warunkach okre\u015blonych w ustawie z dnia 7 wrze\u015bnia 2007 r. o pomocy osobom uprawnionym do aliment\u00f3w.<\/p>\n<p><strong>Kogo dotyczy pomoc:<\/strong><\/p>\n<p>\u015awiadczenia z funduszu alimentacyjnego przys\u0142uguj\u0105 osobie uprawnionej:<\/p>\n<ul>\n<li>do 18 roku \u017cycia albo w przypadku gdy uczy si\u0119 w szkole lub szkole wy\u017cszej,<\/li>\n<li>do uko\u0144czenia przez ni\u0105 25 roku \u017cycia albo w przypadku posiadania orzeczenia o znacznym stopniu niepe\u0142nosprawno\u015bci \u2013 bezterminowo.<\/li>\n<\/ul>\n<p><strong>Osoba uprawniona<\/strong> oznacza osob\u0119 uprawnion\u0105 do otrzymywania aliment\u00f3w od rodzica na podstawie tytu\u0142u wykonawczego pochodz\u0105cego lub zatwierdzonego przez s\u0105d, je\u017celi egzekucja okaza\u0142a si\u0119 bezskuteczna.<\/p>\n<p><strong>Maksymalna kwota \u015bwiadczenia z funduszu alimentacyjnego<\/strong><\/p>\n<p>\u015awiadczenia z funduszu alimentacyjnego przys\u0142uguj\u0105 w wysoko\u015bci bie\u017c\u0105co ustalonych aliment\u00f3w, jednak\u017ce nie wy\u017cszej ni\u017c <strong>1000,00 z\u0142.<\/strong><\/p>\n<p><strong>Pr\u00f3g dochodowy<\/strong><\/p>\n<p>\u015awiadczenia z funduszu alimentacyjnego przys\u0142uguj\u0105 je\u017celi doch\u00f3d rodziny w przeliczeniu na osob\u0119 w rodzinie nie przekracza kwoty <strong>1209,00 z\u0142.<\/strong><\/p>\n<p>\u015awiadczenia z funduszu alimentacyjnego <strong>nie przys\u0142uguj\u0105<\/strong>, je\u017celi osoba uprawniona:<\/p>\n<ul>\n<li>zosta\u0142a umieszczona w instytucji zapewniaj\u0105cej ca\u0142odobowe utrzymanie lub w pieczy zast\u0119pczej,<\/li>\n<li>zawar\u0142a zwi\u0105zek ma\u0142\u017ce\u0144ski.<\/li>\n<\/ul>\n<p><strong>Warunki udzielania pomocy:<\/strong><\/p>\n<p>Warunkiem przyznania \u015bwiadcze\u0144 z\u00a0funduszu alimentacyjnego jest bezskuteczno\u015b\u0107 egzekucji.<\/p>\n<p>Bezskuteczno\u015b\u0107 egzekucji oznacza to egzekucj\u0119, w\u00a0wyniku kt\u00f3rej w\u00a0okresie ostatnich dw\u00f3ch miesi\u0119cy nie wyegzekwowano pe\u0142nej nale\u017cno\u015bci z\u00a0tytu\u0142u zaleg\u0142ych i\u00a0bie\u017c\u0105cych zobowi\u0105za\u0144 alimentacyjnych, albo post\u0119powanie upad\u0142o\u015bciowe, w toku kt\u00f3rego w okresie ostatnich dw\u00f3ch miesi\u0119cy nie otrzymano pe\u0142nej nale\u017cno\u015bci z tytu\u0142u zaleg\u0142ych i bie\u017c\u0105cych zobowi\u0105za\u0144 alimentacyjnych; za bezskuteczn\u0105 egzekucj\u0119 uwa\u017ca si\u0119 r\u00f3wnie\u017c niemo\u017cno\u015b\u0107 wszcz\u0119cia egzekucji aliment\u00f3w przeciwko d\u0142u\u017cnikowi alimentacyjnemu przebywaj\u0105cemu poza granicami Rzeczypospolitej Polskiej, w\u00a0szczeg\u00f3lno\u015bci z\u00a0powodu:<\/p>\n<ol>\n<li>braku podstawy prawnej do podj\u0119cia czynno\u015bci zmierzaj\u0105cych do wykonania tytu\u0142u wykonawczego w\u00a0miejscu zamieszkania d\u0142u\u017cnika,<\/li>\n<li>braku mo\u017cliwo\u015bci wskazania przez osob\u0119 uprawnion\u0105 miejsca zamieszkania d\u0142u\u017cnika alimentacyjnego za granic\u0105.<\/li>\n<\/ol>\t\t\t\t\t\t\t\t<\/div>\n\t\t\t\t<\/div>\n\t\t\t\t\t<\/div>\n\t\t<\/div>\n\t\t\t\t\t<\/div>\n\t\t<\/section>\n\t\t\t\t<\/div>\n\t\t","protected":false},"excerpt":{"rendered":"<p>Fundusz Alimentacyjny Fundusz alimentacyjny to system wspierania os\u00f3b uprawnionych do aliment\u00f3w. Jest to wyznaczona przez pa\u0144stwo okre\u015blona pula pieni\u0119\u017cna na wyp\u0142at\u0119 \u015bwiadcze\u0144 dla dzieci i innych os\u00f3b w przypadku niemo\u017cno\u015bci wyegzekwowania \u015bwiadcze\u0144 alimentacyjnych. Wniosek o ustalenie prawa do \u015bwiadcze\u0144 z funduszu alimentacyjnego oraz ich wyp\u0142ata nast\u0119puje na wniosek osoby uprawnionej lub jego przedstawiciela ustawowego. \u015awiadczenia &hellip; <\/p>\n","protected":false},"author":2,"featured_media":0,"parent":0,"menu_order":0,"comment_status":"closed","ping_status":"closed","template":"","meta":{"footnotes":""},"class_list":["post-26","page","type-page","status-publish","hentry"],"_links":{"self":[{"href":"https:\/\/opslaczna.pl\/index.php?rest_route=\/wp\/v2\/pages\/26","targetHints":{"allow":["GET"]}}],"collection":[{"href":"https:\/\/opslaczna.pl\/index.php?rest_route=\/wp\/v2\/pages"}],"about":[{"href":"https:\/\/opslaczna.pl\/index.php?rest_route=\/wp\/v2\/types\/page"}],"author":[{"embeddable":true,"href":"https:\/\/opslaczna.pl\/index.php?rest_route=\/wp\/v2\/users\/2"}],"replies":[{"embeddable":true,"href":"https:\/\/opslaczna.pl\/index.php?rest_route=%2Fwp%2Fv2%2Fcomments&post=26"}],"version-history":[{"count":4,"href":"https:\/\/opslaczna.pl\/index.php?rest_route=\/wp\/v2\/pages\/26\/revisions"}],"predecessor-version":[{"id":1772,"href":"https:\/\/opslaczna.pl\/index.php?rest_route=\/wp\/v2\/pages\/26\/revisions\/1772"}],"wp:attachment":[{"href":"https:\/\/opslaczna.pl\/index.php?rest_route=%2Fwp%2Fv2%2Fmedia&parent=26"}],"curies":[{"name":"wp","href":"https:\/\/api.w.org\/{rel}","templated":true}]}}