{"id":1799,"date":"2026-01-16T06:22:15","date_gmt":"2026-01-16T06:22:15","guid":{"rendered":"https:\/\/opslaczna.pl\/?page_id=1799"},"modified":"2026-01-16T06:22:42","modified_gmt":"2026-01-16T06:22:42","slug":"czyste-powietrze","status":"publish","type":"page","link":"https:\/\/opslaczna.pl\/?page_id=1799","title":{"rendered":"Czyste powietrze"},"content":{"rendered":"\t\t<div data-elementor-type=\"wp-page\" data-elementor-id=\"1799\" class=\"elementor elementor-1799\">\n\t\t\t\t\t\t<section class=\"elementor-section elementor-top-section elementor-element elementor-element-dd1435a elementor-section-boxed elementor-section-height-default elementor-section-height-default\" data-id=\"dd1435a\" data-element_type=\"section\">\n\t\t\t\t\t\t<div class=\"elementor-container elementor-column-gap-default\">\n\t\t\t\t\t<div class=\"elementor-column elementor-col-100 elementor-top-column elementor-element elementor-element-9430f3a\" data-id=\"9430f3a\" data-element_type=\"column\">\n\t\t\t<div class=\"elementor-widget-wrap elementor-element-populated\">\n\t\t\t\t\t\t<div class=\"elementor-element elementor-element-61bfdf6 elementor-widget elementor-widget-text-editor\" data-id=\"61bfdf6\" data-element_type=\"widget\" data-widget_type=\"text-editor.default\">\n\t\t\t\t<div class=\"elementor-widget-container\">\n\t\t\t\t\t\t\t\t\t<h3>Wnioski o wydanie za\u015bwiadcze\u0144 o wysoko\u015bci przeci\u0119tnego miesi\u0119cznego dochodu przypadaj\u0105cego na jednego cz\u0142onka gospodarstwa domowego osoby ubiegaj\u0105cej si\u0119 o wydanie za\u015bwiadczenia do programu &#8222;Czyste Powietrze&#8221; mo\u017cna sk\u0142ada\u0107 w Gminnym O\u015brodku Pomocy Spo\u0142ecznej w \u0141\u0105cznej<\/h3><p>Wysoko\u015b\u0107 przeci\u0119tnego miesi\u0119cznego dochodu na\u00a0potrzeby wydania za\u015bwiadczenia o\u00a0dochodach, o\u00a0kt\u00f3rych mowa w\u00a0art. 411 ust. 10g ustawy z\u00a0dnia 27 kwietnia 2001\u00a0r. \u2013\u00a0Prawo ochrony \u015brodowiska (w\u00a0celu z\u0142o\u017cenia go z\u00a0wnioskiem o\u00a0dofinansowanie z\u00a0Programu Priorytetowego\u00a0\u201eCzyste Powietrze\u201d), ustalana jest na\u00a0podstawie dochod\u00f3w osi\u0105gni\u0119tych przez cz\u0142onk\u00f3w gospodarstwa domowego wnioskodawcy, w:<\/p><ul><li>przedostatnim roku kalendarzowym poprzedzaj\u0105cym rok, w\u00a0kt\u00f3rym z\u0142o\u017cono \u017c\u0105danie wydania za\u015bwiadczenia \u2013 w\u00a0przypadku \u017c\u0105dania z\u0142o\u017conego w\u00a0okresie od dnia 1 stycznia do dnia 31 lipca danego roku;<\/li><li>ostatnim roku kalendarzowym poprzedzaj\u0105cym rok, w\u00a0kt\u00f3rym z\u0142o\u017cono \u017c\u0105danie wydania za\u015bwiadczenia \u2013 w\u00a0przypadku \u017c\u0105dania z\u0142o\u017conego w\u00a0okresie od dnia 1 sierpnia do dnia 31 grudnia danego roku.<\/li><\/ul><p>Doch\u00f3d wykazany w\u00a0za\u015bwiadczeniu oblicza si\u0119 na podstawie definicji dochodu zawartej w\u00a0art. 3 pkt 1 ustawy o\u00a0\u015bwiadczeniach rodzinnych.<\/p><p>Gospodarstwo domowe, dla potrzeb wydawania za\u015bwiadczenia do programu &#8222;czyste powietrze&#8221; oznacza:<\/p><ul><li>osob\u0119 fizyczn\u0105 samotnie zamieszkuj\u0105c\u0105 i\u00a0gospodaruj\u0105c\u0105 &#8211; gospodarstwo domowe jednoosobowe, albo<\/li><li>osob\u0119 fizyczn\u0105 oraz osoby z\u00a0ni\u0105 spokrewnione lub niespokrewnione pozostaj\u0105ce w\u00a0faktycznym zwi\u0105zku, wsp\u00f3lnie z\u00a0ni\u0105 zamieszkuj\u0105ce i\u00a0gospodaruj\u0105ce &#8211; gospodarstwo domowe wieloosobowe.<\/li><\/ul><p>W za\u015bwiadczeniu podaje si\u0119 wysoko\u015b\u0107 przeci\u0119tnego miesi\u0119cznego dochodu przypadaj\u0105cego na jednego cz\u0142onka gospodarstwa domowego osoby fizycznej oraz wskazuje si\u0119, czy doch\u00f3d ten dotyczy cz\u0142onka gospodarstwa domowego jednoosobowego czy gospodarstwa domowego wieloosobowego.<\/p><p>Wi\u0119cej informacji mo\u017cna uzyska\u0107 na <a href=\"https:\/\/www.gov.pl\/web\/gov\/skorzystaj-z-programu-czyste-powietrze\">stronie internetowej programu<\/a>.<\/p><p>\u00a0<\/p><p>\u00a0<\/p><h4>Dokumenty do pobrania:<\/h4><h4>wzory druk\u00f3w o ustalenie prawa do \u015bwiadcze\u0144 rodzinnych zamieszczone s\u0105 na stronie internetowej Ministerstwa Rodziny, Pracy i Polityki Spo\u0142ecznej.<\/h4><p>\u00a0<\/p>\t\t\t\t\t\t\t\t<\/div>\n\t\t\t\t<\/div>\n\t\t\t\t\t<\/div>\n\t\t<\/div>\n\t\t\t\t\t<\/div>\n\t\t<\/section>\n\t\t\t\t<\/div>\n\t\t","protected":false},"excerpt":{"rendered":"<p>Wnioski o wydanie za\u015bwiadcze\u0144 o wysoko\u015bci przeci\u0119tnego miesi\u0119cznego dochodu przypadaj\u0105cego na jednego cz\u0142onka gospodarstwa domowego osoby ubiegaj\u0105cej si\u0119 o wydanie za\u015bwiadczenia do programu &#8222;Czyste Powietrze&#8221; mo\u017cna sk\u0142ada\u0107 w Gminnym O\u015brodku Pomocy Spo\u0142ecznej w \u0141\u0105cznej Wysoko\u015b\u0107 przeci\u0119tnego miesi\u0119cznego dochodu na\u00a0potrzeby wydania za\u015bwiadczenia o\u00a0dochodach, o\u00a0kt\u00f3rych mowa w\u00a0art. 411 ust. 10g ustawy z\u00a0dnia 27 kwietnia 2001\u00a0r. \u2013\u00a0Prawo ochrony &hellip; <\/p>\n","protected":false},"author":2,"featured_media":0,"parent":0,"menu_order":0,"comment_status":"closed","ping_status":"closed","template":"","meta":{"footnotes":""},"class_list":["post-1799","page","type-page","status-publish","hentry"],"_links":{"self":[{"href":"https:\/\/opslaczna.pl\/index.php?rest_route=\/wp\/v2\/pages\/1799","targetHints":{"allow":["GET"]}}],"collection":[{"href":"https:\/\/opslaczna.pl\/index.php?rest_route=\/wp\/v2\/pages"}],"about":[{"href":"https:\/\/opslaczna.pl\/index.php?rest_route=\/wp\/v2\/types\/page"}],"author":[{"embeddable":true,"href":"https:\/\/opslaczna.pl\/index.php?rest_route=\/wp\/v2\/users\/2"}],"replies":[{"embeddable":true,"href":"https:\/\/opslaczna.pl\/index.php?rest_route=%2Fwp%2Fv2%2Fcomments&post=1799"}],"version-history":[{"count":4,"href":"https:\/\/opslaczna.pl\/index.php?rest_route=\/wp\/v2\/pages\/1799\/revisions"}],"predecessor-version":[{"id":1803,"href":"https:\/\/opslaczna.pl\/index.php?rest_route=\/wp\/v2\/pages\/1799\/revisions\/1803"}],"wp:attachment":[{"href":"https:\/\/opslaczna.pl\/index.php?rest_route=%2Fwp%2Fv2%2Fmedia&parent=1799"}],"curies":[{"name":"wp","href":"https:\/\/api.w.org\/{rel}","templated":true}]}}