{"id":1789,"date":"2026-01-16T06:20:31","date_gmt":"2026-01-16T06:20:31","guid":{"rendered":"https:\/\/opslaczna.pl\/?page_id=1789"},"modified":"2026-01-16T06:29:34","modified_gmt":"2026-01-16T06:29:34","slug":"swiadczenie-rodzicielskie","status":"publish","type":"page","link":"https:\/\/opslaczna.pl\/?page_id=1789","title":{"rendered":"\u015awiadczenie rodzicielskie"},"content":{"rendered":"\t\t<div data-elementor-type=\"wp-page\" data-elementor-id=\"1789\" class=\"elementor elementor-1789\">\n\t\t\t\t\t\t<section class=\"elementor-section elementor-top-section elementor-element elementor-element-c11ff89 elementor-section-boxed elementor-section-height-default elementor-section-height-default\" data-id=\"c11ff89\" data-element_type=\"section\">\n\t\t\t\t\t\t<div class=\"elementor-container elementor-column-gap-default\">\n\t\t\t\t\t<div class=\"elementor-column elementor-col-100 elementor-top-column elementor-element elementor-element-1a08b92\" data-id=\"1a08b92\" data-element_type=\"column\">\n\t\t\t<div class=\"elementor-widget-wrap elementor-element-populated\">\n\t\t\t\t\t\t<div class=\"elementor-element elementor-element-fceea9d elementor-widget elementor-widget-text-editor\" data-id=\"fceea9d\" data-element_type=\"widget\" data-widget_type=\"text-editor.default\">\n\t\t\t\t<div class=\"elementor-widget-container\">\n\t\t\t\t\t\t\t\t\t<h3>\u00a0\u015awiadczenie rodzicielskie<\/h3><h4>Informacje og\u00f3lne dla klienta<\/h4><p>Przys\u0142uguje:<\/p><ol><li>matce albo ojcu dziecka, z uwzgl\u0119dnieniem ust. 2;<ul><li>opiekunowi faktycznemu dziecka w przypadku obj\u0119cia opiek\u0105 dziecka w wieku do uko\u0144czenia 14. roku \u017cycia;<\/li><li>rodzinie zast\u0119pczej, z wyj\u0105tkiem rodziny zast\u0119pczej zawodowej, w przypadku obj\u0119cia opiek\u0105 dziecka w wieku do uko\u0144czenia 7 roku \u017cycia, a w przypadku dziecka, wobec kt\u00f3rego podj\u0119to decyzj\u0119 o odroczeniu obowi\u0105zku szkolnego \u2013 do uko\u0144czenia 10 roku \u017cycia;<\/li><li>osobie, kt\u00f3ra przysposobi\u0142a dziecko, w przypadku obj\u0119cia opiek\u0105 dziecka w wieku do uko\u0144czenia 14 roku \u017cycia.<\/li><\/ul><\/li><li>\u015awiadczenie rodzicielskie przys\u0142uguje ojcu dziecka w przypadku:<ul><li>skr\u00f3cenia na wniosek matki dziecka okresu pobierania \u015bwiadczenia rodzicielskiego , zasi\u0142ku macierzy\u0144skiego lub uposa\u017cenia za okres ustalony przepisami Kodeksu pracy jako okres urlopu macierzy\u0144skiego, okres urlopu na warunkach urlopu macierzy\u0144skiego lub okres urlopu rodzicielskiego, po wykorzystaniu przez ni\u0105 tego \u015bwiadczenia, zasi\u0142ku lub uposa\u017cenia za okres co najmniej 14 tygodni od dnia urodzenia dziecka;<\/li><li>\u015bmierci matki dziecka;<\/li><li>porzucenia dziecka przez matk\u0119<\/li><\/ul><\/li><li>\u015awiadczenie rodzicielskie przys\u0142uguje przez okres:<ul><li>52 tygodni \u2013 w przypadku urodzenia jednego dziecka przy jednym porodzie, przysposobienia jednego dziecka lub obj\u0119cia opiek\u0105 jednego dziecka;<\/li><li>65 tygodni \u2013 w przypadku urodzenia dwojga dzieci przy jednym porodzie, przysposobienia dwojga dzieci lub obj\u0119cia opiek\u0105 dwojga dzieci;<\/li><li>67 tygodni \u2013 w przypadku urodzenia trojga dzieci przy jednym porodzie, przysposobienia trojga dzieci lub obj\u0119cia opiek\u0105 trojga dzieci;<\/li><li>69 tygodni \u2013 w przypadku urodzenia czworga dzieci przy jednym porodzie, przysposobienia czworga dzieci lub obj\u0119cia opiek\u0105 czworga dzieci;<\/li><li>71 tygodni \u2013 w przypadku urodzenia pi\u0119ciorga i wi\u0119cej dzieci przy jednym porodzie, przysposobienia pi\u0119ciorga i wi\u0119cej dzieci lub obj\u0119cia opiek\u0105 pi\u0119ciorga i wi\u0119cej dzieci.<\/li><\/ul><\/li><\/ol><p>\u015awiadczenie rodzicielskie przys\u0142uguje od dnia:<\/p><ol><li>porodu \u2013 w przypadku os\u00f3b, o kt\u00f3rych mowa w ust. 1 pkt.1;<\/li><li>obj\u0119cia dziecka opiek\u0105, nie d\u0142u\u017cej ni\u017c do uko\u0144czenia przez dziecko 14 roku \u017cycia, a w przypadku osoby, o kt\u00f3rej mowa w ust. 1 pkt 2;<ol><li>obj\u0119cia dziecka, nie d\u0142u\u017cej ni\u017c do uko\u0144czenia przez dziecko 7 roku \u017cycia, a w przypadku dziecka, wobec kt\u00f3rego podj\u0119to decyzj\u0119 o odroczeniu obowi\u0105zku szkolnego, nie d\u0142u\u017cej ni\u017c do uko\u0144czenia przez nie 10 roku \u017cycia \u2013 w przypadku osoby, o kt\u00f3rej mowa w ust. 1 pkt 3;<\/li><\/ol><\/li><li>przysposobienia dziecka, nie d\u0142u\u017cej ni\u017c do uko\u0144czenia przez dziecko 14 roku \u017cycia, \u2013 w przypadku osoby, o kt\u00f3rej mowa w ust. 1 pkt4.<\/li><\/ol><p>W razie urodzenia dziecka przez kobiet\u0119 pobieraj\u0105c\u0105 zasi\u0142ek dla bezrobotnych w okresie, o kt\u00f3rym mowa w art.73 ust.1 ustawy z dnia 20 kwietnia 2004 r. o promocji zatrudnienia i instytucjach rynku pracy (Dz.U. z 2023 r. poz.735,1429,1723 i 1737), lub w ci\u0105gu miesi\u0105ca po jego zako\u0144czeniu, lub<br \/>w okresie przed\u0142u\u017cenia zasi\u0142ku dla bezrobotnych na podstawie art.73 ust.3 tej ustawy, \u015bwiadczenie rodzicielskie przys\u0142uguje jednemu z rodzic\u00f3w w wysoko\u015bci r\u00f3\u017cnicy mi\u0119dzy kwot\u0105 \u015bwiadczenia rodzicielskiego, a kwot\u0105 pobieranego przez kobiet\u0119 zasi\u0142ku dla bezrobotnych pomniejszonego<br \/>o zaliczk\u0119 na podatek dochodowy od os\u00f3b fizycznych.<\/p><p>Osobie uprawnionej do \u015bwiadczenia rodzicielskiego przys\u0142uguje:<\/p><ol><li>w tym samym czasie jedno \u015bwiadczenie rodzicielskie bez wzgl\u0119du na liczb\u0119 wychowywanych dzieci;<\/li><li>jedno \u015bwiadczenie rodzicielskie w zwi\u0105zku z wychowywaniem tego samego dziecka.<\/li><\/ol><p>Wysoko\u015b\u0107 \u015bwiadczenia 1000 z\u0142 miesi\u0119cznie, z uwzgl\u0119dnieniem zasi\u0142ku dla bezrobotnych.<\/p><p>\u015awiadczenie rodzicielskie nie przys\u0142uguje, je\u017celi:<\/p><ol><li>co najmniej jeden z rodzic\u00f3w dziecka lub opiekun faktyczny dziecka lub rodzina zast\u0119pcza, otrzymuj\u0105 zasi\u0142ek macierzy\u0144ski lub uposa\u017cenie za okres ustalony przepisami Kodeksu pracy jako okres urlopu macierzy\u0144skiego, okres urlopu na warunkach urlopu macierzy\u0144skiego lub okres urlopu rodzicielskiego;<\/li><li>dziecko zosta\u0142o umieszczone w pieczy zast\u0119pczej \u2013 w przypadku rodzic\u00f3w dziecka lub osoby, kt\u00f3ra przysposobi\u0142a dziecko;<\/li><li>osoba ubiegaj\u0105ca si\u0119 o \u015bwiadczenie rodzicielskie lub osoba pobieraj\u0105ca \u015bwiadczenie rodzicielskie nie sprawuje lub zaprzesta\u0142a\u00a0 sprawowania osobistej opieki nad dzieckiem, w tym w zwi\u0105zku z zatrudnieniem lub wykonywaniem innej pracy zarobkowej, kt\u00f3re uniemo\u017cliwiaj\u0105 sprawowanie tej opieki;<\/li><li>w zwi\u0105zku z wychowywaniem tego samego dziecka lub w zwi\u0105zku z opiek\u0105 nad tym samym dzieckiem jest ju\u017c ustalone prawo do \u015bwiadczenia rodzicielskiego, dodatku do zasi\u0142ku rodzinnego, o kt\u00f3rym mowa w art.10, \u015bwiadczenia piel\u0119gnacyjnego, specjalnego zasi\u0142ku opieku\u0144czego lub zasi\u0142ku dla opiekuna, o kt\u00f3rym mowa w ustawie z dnia 4 kwietnia 2014 r. o ustaleniu i wyp\u0142acie zasi\u0142k\u00f3w dla opiekun\u00f3w;<\/li><li>osobom, o kt\u00f3rych mowa w ust. 1, przys\u0142uguje za granic\u0105 \u015bwiadczenie o podobnym charakterze do \u015bwiadczenia rodzicielskiego, chyba \u017ce przepisy o koordynacji system\u00f3w zabezpieczenia spo\u0142ecznego lub dwustronne umowy o zabezpieczeniu spo\u0142ecznym stanowi\u0105 inaczej.<\/li><\/ol><p>Na podstawie ustawy z dnia 6 grudnia 2024 r. o zmianie ustawy \u2013 Kodeks pracy oraz niekt\u00f3rych innych ustaw (Dz. U. z 2024 r. poz. 1871) z dniem 19 marca 2025 r. b\u0119dzie przys\u0142ugiwa\u0142 wyd\u0142u\u017cony okres pobierania \u015bwiadczenia rodzicielskiego w zwi\u0105zku z pobytem dziecka w szpitalu.<\/p><p>W przypadku urodzenia dziecka:<\/p><ol><li>przed uko\u0144czeniem 28. tygodnia ci\u0105\u017cy lub z mas\u0105 urodzeniow\u0105 nie wi\u0119ksz\u0105 ni\u017c 1000 g okresy, o kt\u00f3rych mowa w ust. 3 (ustawy o \u015bwiadczeniach rodzinnych), ulegaj\u0105 wyd\u0142u\u017ceniu o tydzie\u0144 za ka\u017cdy tydzie\u0144 pobytu dziecka w szpitalu do up\u0142ywu 15. tygodnia po porodzie;<\/li><li>po uko\u0144czeniu 28. tygodnia ci\u0105\u017cy i przed uko\u0144czeniem 37. tygodnia ci\u0105\u017cy i z mas\u0105 urodzeniow\u0105 wi\u0119ksz\u0105 ni\u017c 1000 g okresy, o kt\u00f3rych mowa w ust. 3, (ustawy o \u015bwiadczeniach rodzinnych) ulegaj\u0105 wyd\u0142u\u017ceniu o tydzie\u0144 za ka\u017cdy tydzie\u0144 pobytu dziecka w szpitalu do up\u0142ywu 8. tygodnia po porodzie;<\/li><li>po uko\u0144czeniu 37. tygodnia ci\u0105\u017cy i jego pobytu w szpitalu, pod warunkiem \u017ce pobyt dziecka<br \/>w szpitalu po porodzie b\u0119dzie wynosi\u0142 co najmniej 2 kolejne dni, przy czym pierwszy z tych dni b\u0119dzie przypada\u0142 w okresie od 5. do 28. dnia po porodzie, okresy, o kt\u00f3rych mowa w ust. 3, ulegaj\u0105 wyd\u0142u\u017ceniu o tydzie\u0144 za ka\u017cdy tydzie\u0144 pobytu dziecka w szpitalu w okresie od 5. dnia do up\u0142ywu 8. tygodnia po porodzie.<\/li><\/ol><p>Okres wyd\u0142u\u017cenia, o kt\u00f3rym mowa w ust. 3A (ustawy o \u015bwiadczeniach rodzinnych), potwierdza si\u0119 na podstawie za\u015bwiadczenia wydanego przez szpital, w kt\u00f3rym przebywa\u0142o dziecko.<\/p><p>Za\u015bwiadczenie zawiera informacje o okresie pobytu dziecka w szpitalu oraz o urodzeniu dziecka:<\/p><ol><li>przed uko\u0144czeniem 28. tygodnia ci\u0105\u017cy lub z mas\u0105 urodzeniow\u0105 nie wi\u0119ksz\u0105 ni\u017c 1000 g;<\/li><li>po uko\u0144czeniu 28. tygodnia ci\u0105\u017cy i przed uko\u0144czeniem 37. tygodnia ci\u0105\u017cy i z mas\u0105 urodzeniow\u0105 wi\u0119ksz\u0105 ni\u017c 1000 g;<\/li><li>po uko\u0144czeniu 37. tygodnia ci\u0105\u017cy.<\/li><\/ol><p>W przypadku urodzenia wi\u0119cej ni\u017c jednego dziecka przy jednym porodzie przy ustalaniu prawa do wyd\u0142u\u017cenia okresu przys\u0142ugiwania \u015bwiadczenia rodzicielskiego na zasadach okre\u015blonych w ust. 3a (ustawy o \u015bwiadczeniach rodzinnych) nale\u017cy uwzgl\u0119dni\u0107 wag\u0119 dziecka o najni\u017cszej masie urodzeniowej oraz okres pobytu w szpitalu dziecka najd\u0142u\u017cej hospitalizowanego.<\/p><p>Przy ustalaniu prawa do wyd\u0142u\u017cenia okresu przys\u0142ugiwania \u015bwiadczenia rodzicielskiego na zasadach okre\u015blonych w ust. 3a (ustawy o \u015bwiadczeniach rodzinnych) okresy pobytu dziecka w szpitalu do up\u0142ywu odpowiednio 8. albo 15. tygodnia po porodzie sumuje si\u0119. Niepe\u0142ny tydzie\u0144 zaokr\u0105gla si\u0119 w g\u00f3r\u0119 do pe\u0142nego tygodnia.<\/p><p>Ustalenie prawa do wyd\u0142u\u017cenia okresu przys\u0142ugiwania \u015bwiadczenia rodzicielskiego na zasadach okre\u015blonych w ust. 3a\u20133d (ustawy o \u015bwiadczeniach rodzinnych) nast\u0119puje jednorazowo na wniosek osoby uprawnionej z\u0142o\u017cony najp\u00f3\u017aniej do ostatniego dnia miesi\u0105ca nast\u0119puj\u0105cego po up\u0142ywie okres\u00f3w, o kt\u00f3rych mowa w ust. 3(ustawy o \u015bwiadczeniach rodzinnych). Osoba, o kt\u00f3rej mowa w ust. 1 pkt 2\u20134, ma prawo do wyd\u0142u\u017cenia okresu przys\u0142ugiwania \u015bwiadczenia rodzicielskiego na zasadach okre\u015blonych w ust. 3a (ustawy o \u015bwiadczeniach rodzinnych), je\u017celi pobyt dziecka w szpitalu mia\u0142 miejsce odpowiednio po obj\u0119ciu dziecka opiek\u0105 lub po przysposobieniu dziecka.<\/p><h4>Dokumenty do pobrania:<\/h4><h4>wzory druk\u00f3w o ustalenie prawa do \u015bwiadcze\u0144 rodzinnych zamieszczone s\u0105 na stronie internetowej Ministerstwa Rodziny, Pracy i Polityki Spo\u0142ecznej.<\/h4>\t\t\t\t\t\t\t\t<\/div>\n\t\t\t\t<\/div>\n\t\t\t\t\t<\/div>\n\t\t<\/div>\n\t\t\t\t\t<\/div>\n\t\t<\/section>\n\t\t\t\t<\/div>\n\t\t","protected":false},"excerpt":{"rendered":"<p>\u00a0\u015awiadczenie rodzicielskie Informacje og\u00f3lne dla klienta Przys\u0142uguje: matce albo ojcu dziecka, z uwzgl\u0119dnieniem ust. 2; opiekunowi faktycznemu dziecka w przypadku obj\u0119cia opiek\u0105 dziecka w wieku do uko\u0144czenia 14. roku \u017cycia; rodzinie zast\u0119pczej, z wyj\u0105tkiem rodziny zast\u0119pczej zawodowej, w przypadku obj\u0119cia opiek\u0105 dziecka w wieku do uko\u0144czenia 7 roku \u017cycia, a w przypadku dziecka, wobec kt\u00f3rego &hellip; <\/p>\n","protected":false},"author":2,"featured_media":0,"parent":0,"menu_order":0,"comment_status":"closed","ping_status":"closed","template":"","meta":{"footnotes":""},"class_list":["post-1789","page","type-page","status-publish","hentry"],"_links":{"self":[{"href":"https:\/\/opslaczna.pl\/index.php?rest_route=\/wp\/v2\/pages\/1789","targetHints":{"allow":["GET"]}}],"collection":[{"href":"https:\/\/opslaczna.pl\/index.php?rest_route=\/wp\/v2\/pages"}],"about":[{"href":"https:\/\/opslaczna.pl\/index.php?rest_route=\/wp\/v2\/types\/page"}],"author":[{"embeddable":true,"href":"https:\/\/opslaczna.pl\/index.php?rest_route=\/wp\/v2\/users\/2"}],"replies":[{"embeddable":true,"href":"https:\/\/opslaczna.pl\/index.php?rest_route=%2Fwp%2Fv2%2Fcomments&post=1789"}],"version-history":[{"count":7,"href":"https:\/\/opslaczna.pl\/index.php?rest_route=\/wp\/v2\/pages\/1789\/revisions"}],"predecessor-version":[{"id":1819,"href":"https:\/\/opslaczna.pl\/index.php?rest_route=\/wp\/v2\/pages\/1789\/revisions\/1819"}],"wp:attachment":[{"href":"https:\/\/opslaczna.pl\/index.php?rest_route=%2Fwp%2Fv2%2Fmedia&parent=1789"}],"curies":[{"name":"wp","href":"https:\/\/api.w.org\/{rel}","templated":true}]}}