{"id":1778,"date":"2026-01-16T06:18:25","date_gmt":"2026-01-16T06:18:25","guid":{"rendered":"https:\/\/opslaczna.pl\/?page_id=1778"},"modified":"2026-01-16T06:18:49","modified_gmt":"2026-01-16T06:18:49","slug":"jednorazowa-zapomoga-z-tytulu-urodzenia-sie-dziecka","status":"publish","type":"page","link":"https:\/\/opslaczna.pl\/?page_id=1778","title":{"rendered":"Jednorazowa zapomoga z tytu\u0142u urodzenia si\u0119 dziecka"},"content":{"rendered":"\t\t<div data-elementor-type=\"wp-page\" data-elementor-id=\"1778\" class=\"elementor elementor-1778\">\n\t\t\t\t\t\t<section class=\"elementor-section elementor-top-section elementor-element elementor-element-f2e66cb elementor-section-boxed elementor-section-height-default elementor-section-height-default\" data-id=\"f2e66cb\" data-element_type=\"section\">\n\t\t\t\t\t\t<div class=\"elementor-container elementor-column-gap-default\">\n\t\t\t\t\t<div class=\"elementor-column elementor-col-100 elementor-top-column elementor-element elementor-element-e381f20\" data-id=\"e381f20\" data-element_type=\"column\">\n\t\t\t<div class=\"elementor-widget-wrap elementor-element-populated\">\n\t\t\t\t\t\t<div class=\"elementor-element elementor-element-4100857 elementor-widget elementor-widget-text-editor\" data-id=\"4100857\" data-element_type=\"widget\" data-widget_type=\"text-editor.default\">\n\t\t\t\t<div class=\"elementor-widget-container\">\n\t\t\t\t\t\t\t\t\t<h3>\u00a0Jednorazowa zapomoga z tytu\u0142u urodzenia si\u0119 dziecka<\/h3><h4>Informacje og\u00f3lne dla klienta<\/h4><p>Przys\u0142uguje:<\/p><ul><li>matce lub ojcu dziecka, opiekunowi prawnemu albo opiekunowi faktycznemu dziecka z tytu\u0142u urodzenia si\u0119 \u017cywego dziecka,<\/li><li>je\u017celi doch\u00f3d rodziny w przeliczeniu na osob\u0119 nie przekracza kwoty 1 922 z\u0142 miesi\u0119cznie,<\/li><li>je\u017celi kobieta pozostawa\u0142a pod opiek\u0105 medyczn\u0105 nie p\u00f3\u017aniej ni\u017c od 10 tygodnia ci\u0105\u017cy do porodu.<\/li><\/ul><p>Pozostawanie pod opiek\u0105 medyczn\u0105 potwierdza si\u0119 za\u015bwiadczeniem lekarskim lub za\u015bwiadczeniem wystawionym przez po\u0142o\u017cn\u0105.<br \/>Zasady tej nie stosuje si\u0119 do os\u00f3b b\u0119d\u0105cych prawnymi lub faktycznymi opiekunami dziecka, a tak\u017ce do os\u00f3b, kt\u00f3re przysposobi\u0142y dziecko.<\/p><p>Wysoko\u015b\u0107 zapomogi \u2013 1000 z\u0142 na jedno dziecko.<\/p><p>Wniosek o wyp\u0142at\u0119 jednorazowej zapomogi sk\u0142ada si\u0119 w terminie:<\/p><ul><li>12 miesi\u0119cy od dnia narodzin dziecka,<\/li><li>12 miesi\u0119cy od dnia obj\u0119cia dziecka opiek\u0105 albo przysposobienia nie p\u00f3\u017aniej ni\u017c do uko\u0144czenia przez dziecko 18 roku \u017cycia \u2013 w przypadku gdy wniosek dotyczy dziecka obj\u0119tego opiek\u0105 prawn\u0105, opiek\u0105 faktyczn\u0105 albo dziecka przysposobionego<\/li><\/ul><p>Wniosek z\u0142o\u017cony po terminie pozostawia si\u0119 bez rozpatrzenia.<\/p><p>Jednorazowa zapomoga nie przys\u0142uguje,<\/p><ul><li>osobie samotnie wychowuj\u0105cej dziecko nie zosta\u0142o ustalone, na rzecz danego dziecka od jego rodzica, \u015bwiadczenie alimentacyjne na podstawie tytu\u0142u wykonawczego pochodz\u0105cego lub zatwierdzonego przez s\u0105d, chyba \u017ce:<ul><li>rodzice lub jedno z rodzic\u00f3w dziecka nie \u017cyje,<\/li><li>ojciec dziecka jest nieznany,<\/li><li>pow\u00f3dztwo o ustalenie \u015bwiadczenia alimentacyjnego od drugiego z rodzic\u00f3w zosta\u0142o oddalone,<\/li><li>s\u0105d zobowi\u0105za\u0142 jedno z rodzic\u00f3w do ponoszenia ca\u0142kowitych koszt\u00f3w utrzymania dziecka i nie zobowi\u0105za\u0142 drugiego z rodzic\u00f3w do \u015bwiadczenia alimentacyjnego na rzecz tego dziecka,<\/li><li>dziecko, zgodnie z orzeczeniem s\u0105du, jest pod opiek\u0105 naprzemienn\u0105 obojga rodzic\u00f3w sprawowan\u0105 w por\u00f3wnywalnych i powtarzaj\u0105cych si\u0119 okresach;<\/li><\/ul><\/li><li>je\u017celi cz\u0142onkowi rodziny przys\u0142uguje za granic\u0105 \u015bwiadczenie z tytu\u0142u urodzenia dziecka, chyba \u017ce przepisy o koordynacji system\u00f3w zabezpieczenia spo\u0142ecznego lub dwustronne umowy o zabezpieczeniu spo\u0142ecznym stanowi\u0105 inaczej.<\/li><\/ul><p>\u00a0<\/p><h4>Dokumenty do pobrania:<\/h4><h4>wzory druk\u00f3w o ustalenie prawa do \u015bwiadcze\u0144 rodzinnych zamieszczone s\u0105 na stronie internetowej Ministerstwa Rodziny, Pracy i Polityki Spo\u0142ecznej.<\/h4><p>\u00a0<\/p>\t\t\t\t\t\t\t\t<\/div>\n\t\t\t\t<\/div>\n\t\t\t\t\t<\/div>\n\t\t<\/div>\n\t\t\t\t\t<\/div>\n\t\t<\/section>\n\t\t\t\t<\/div>\n\t\t","protected":false},"excerpt":{"rendered":"<p>\u00a0Jednorazowa zapomoga z tytu\u0142u urodzenia si\u0119 dziecka Informacje og\u00f3lne dla klienta Przys\u0142uguje: matce lub ojcu dziecka, opiekunowi prawnemu albo opiekunowi faktycznemu dziecka z tytu\u0142u urodzenia si\u0119 \u017cywego dziecka, je\u017celi doch\u00f3d rodziny w przeliczeniu na osob\u0119 nie przekracza kwoty 1 922 z\u0142 miesi\u0119cznie, je\u017celi kobieta pozostawa\u0142a pod opiek\u0105 medyczn\u0105 nie p\u00f3\u017aniej ni\u017c od 10 tygodnia ci\u0105\u017cy &hellip; <\/p>\n","protected":false},"author":2,"featured_media":0,"parent":0,"menu_order":0,"comment_status":"closed","ping_status":"closed","template":"","meta":{"footnotes":""},"class_list":["post-1778","page","type-page","status-publish","hentry"],"_links":{"self":[{"href":"https:\/\/opslaczna.pl\/index.php?rest_route=\/wp\/v2\/pages\/1778","targetHints":{"allow":["GET"]}}],"collection":[{"href":"https:\/\/opslaczna.pl\/index.php?rest_route=\/wp\/v2\/pages"}],"about":[{"href":"https:\/\/opslaczna.pl\/index.php?rest_route=\/wp\/v2\/types\/page"}],"author":[{"embeddable":true,"href":"https:\/\/opslaczna.pl\/index.php?rest_route=\/wp\/v2\/users\/2"}],"replies":[{"embeddable":true,"href":"https:\/\/opslaczna.pl\/index.php?rest_route=%2Fwp%2Fv2%2Fcomments&post=1778"}],"version-history":[{"count":4,"href":"https:\/\/opslaczna.pl\/index.php?rest_route=\/wp\/v2\/pages\/1778\/revisions"}],"predecessor-version":[{"id":1782,"href":"https:\/\/opslaczna.pl\/index.php?rest_route=\/wp\/v2\/pages\/1778\/revisions\/1782"}],"wp:attachment":[{"href":"https:\/\/opslaczna.pl\/index.php?rest_route=%2Fwp%2Fv2%2Fmedia&parent=1778"}],"curies":[{"name":"wp","href":"https:\/\/api.w.org\/{rel}","templated":true}]}}