{"id":1595,"date":"2025-09-18T06:41:45","date_gmt":"2025-09-18T06:41:45","guid":{"rendered":"http:\/\/opslaczna.pl\/?page_id=1595"},"modified":"2025-09-24T11:27:36","modified_gmt":"2025-09-24T11:27:36","slug":"asystent-osobisty-ozn","status":"publish","type":"page","link":"https:\/\/opslaczna.pl\/?page_id=1595","title":{"rendered":"Asystent Osobisty OzN"},"content":{"rendered":"\t\t<div data-elementor-type=\"wp-page\" data-elementor-id=\"1595\" class=\"elementor elementor-1595\">\n\t\t\t\t\t\t<section class=\"elementor-section elementor-top-section elementor-element elementor-element-c33a4dc elementor-section-boxed elementor-section-height-default elementor-section-height-default\" data-id=\"c33a4dc\" data-element_type=\"section\">\n\t\t\t\t\t\t<div class=\"elementor-container elementor-column-gap-default\">\n\t\t\t\t\t<div class=\"elementor-column elementor-col-100 elementor-top-column elementor-element elementor-element-c36436a\" data-id=\"c36436a\" data-element_type=\"column\">\n\t\t\t<div class=\"elementor-widget-wrap elementor-element-populated\">\n\t\t\t\t\t\t<div class=\"elementor-element elementor-element-a1fce2d elementor-widget elementor-widget-image\" data-id=\"a1fce2d\" data-element_type=\"widget\" data-widget_type=\"image.default\">\n\t\t\t\t<div class=\"elementor-widget-container\">\n\t\t\t\t\t\t\t\t\t\t\t\t\t\t\t<img fetchpriority=\"high\" decoding=\"async\" width=\"780\" height=\"80\" src=\"https:\/\/opslaczna.pl\/wp-content\/uploads\/2024\/08\/logo-mrpips-1024x105.jpg\" class=\"attachment-large size-large wp-image-1641\" alt=\"\" srcset=\"https:\/\/opslaczna.pl\/wp-content\/uploads\/2024\/08\/logo-mrpips-1024x105.jpg 1024w, https:\/\/opslaczna.pl\/wp-content\/uploads\/2024\/08\/logo-mrpips-300x31.jpg 300w, https:\/\/opslaczna.pl\/wp-content\/uploads\/2024\/08\/logo-mrpips-768x79.jpg 768w, https:\/\/opslaczna.pl\/wp-content\/uploads\/2024\/08\/logo-mrpips-1536x158.jpg 1536w, https:\/\/opslaczna.pl\/wp-content\/uploads\/2024\/08\/logo-mrpips.jpg 1890w\" sizes=\"(max-width: 780px) 100vw, 780px\" \/>\t\t\t\t\t\t\t\t\t\t\t\t\t\t\t<\/div>\n\t\t\t\t<\/div>\n\t\t\t\t\t<\/div>\n\t\t<\/div>\n\t\t\t\t\t<\/div>\n\t\t<\/section>\n\t\t\t\t<section class=\"elementor-section elementor-top-section elementor-element elementor-element-ec755e0 elementor-section-boxed elementor-section-height-default elementor-section-height-default\" data-id=\"ec755e0\" data-element_type=\"section\">\n\t\t\t\t\t\t<div class=\"elementor-container elementor-column-gap-default\">\n\t\t\t\t\t<div class=\"elementor-column elementor-col-100 elementor-top-column elementor-element elementor-element-35b8586\" data-id=\"35b8586\" data-element_type=\"column\">\n\t\t\t<div class=\"elementor-widget-wrap elementor-element-populated\">\n\t\t\t\t\t\t<div class=\"elementor-element elementor-element-6553620 elementor-widget elementor-widget-elementskit-blog-posts\" data-id=\"6553620\" data-element_type=\"widget\" data-widget_type=\"elementskit-blog-posts.default\">\n\t\t\t\t<div class=\"elementor-widget-container\">\n\t\t\t\t\t<div class=\"ekit-wid-con\" >        <div id=\"post-items--6553620\" class=\"row post-items\" data-masonry-config=\"true\">\n                    <div class=\"col-lg-4 col-md-6\">\n\n                                    <div class=\"elementskit-post-image-card\">\n                        <div class=\"elementskit-entry-header\">\n                            \n                            \n\t\t\t\t\t\t\t\t\t\t\t\t\t<\/div><!-- .elementskit-entry-header END -->\n\n\t\t\t\t\t\t<div class=\"elementskit-post-body \">\n\t\t\t\t\t\t\t\n\t\t\t\t\t\t\t\t\t\t\t\t\t\t\t\t\t\t\t\t\t\t\t\t\t\t\t\t\t\t\n\t\t\t\t\t\t\t\t\n\t\t\t\t\t\t\t\t\t\t\t\t\t\t\t\t\t\t\t\t\t<h2 class=\"entry-title\">\n\t\t\t\t\t<a href=\"https:\/\/opslaczna.pl\/?p=1853\">\n\t\t\t\t\t\tNab\u00f3r uzupe\u0142niaj\u0105cy \u2013 \u201eAsystent osobisty osoby z niepe\u0142nosprawno\u015bci\u0105\u201d \u2013 edycja 2026\t\t\t\t\t<\/a>\n\t\t\t\t<\/h2>\n\t\t\t\t\t\t\t\t\t\t\t\t\t\t\t\t\t\t\t\t\t\t\t\t\t\t\t\t\t\t\t\t\t\t\t\t\t\t\t\t\t\t<p>Gminny O\u015brodek Pomocy Spo\u0142ecznej w \u0141\u0105cznej og\u0142asza dodatkowy nab\u00f3r uzupe\u0142niaj\u0105cy uczestnik\u00f3w do Programu &#8222;Asystent osobisty osoby z niepe\u0142nosprawno\u015bci\u0105&#8221; dla Jednostek&hellip;<\/p>\n\t\t\t\t\t\t\t\t\t\t\t\t\t\t\t\t\t\t\t\t\t\t                                                            <div class=\"btn-wraper\">\n                                    \n                                                                            <a class=\"elementskit-btn whitespace--normal\" id=\"\" href=\"https:\/\/opslaczna.pl\/?p=1853\">\n                                        \t                                            Dowiedz si\u0119 wi\u0119cej                                         <\/a>\n                                                                    <\/div>\n                                                    <\/div><!-- .elementskit-post-body END -->\n                    <\/div>\n                \n            <\/div>\n                    <div class=\"col-lg-4 col-md-6\">\n\n                                    <div class=\"elementskit-post-image-card\">\n                        <div class=\"elementskit-entry-header\">\n                            \n                            \n\t\t\t\t\t\t\t\t\t\t\t\t\t<\/div><!-- .elementskit-entry-header END -->\n\n\t\t\t\t\t\t<div class=\"elementskit-post-body \">\n\t\t\t\t\t\t\t\n\t\t\t\t\t\t\t\t\t\t\t\t\t\t\t\t\t\t\t\t\t\t\t\t\t\t\t\t\t\t\n\t\t\t\t\t\t\t\t\n\t\t\t\t\t\t\t\t\t\t\t\t\t\t\t\t\t\t\t\t\t<h2 class=\"entry-title\">\n\t\t\t\t\t<a href=\"https:\/\/opslaczna.pl\/?p=1579\">\n\t\t\t\t\t\tAsystent osobisty osoby z niepe\u0142nosprawno\u015bci\u0105 2026\t\t\t\t\t<\/a>\n\t\t\t\t<\/h2>\n\t\t\t\t\t\t\t\t\t\t\t\t\t\t\t\t\t\t\t\t\t\t\t\t\t\t\t\t\t\t\t\t\t\t\t\t\t\t\t\t\t\t<p>W dniu 15 stycznia 2026r. w Urz\u0119dzie Wojew\u00f3dzkim w Kielcach odby\u0142o si\u0119 spotkanie z J\u00f3zefem Brykiem \u2013 Wojewod\u0105 \u015awi\u0119tokrzyskim, podczas&hellip;<\/p>\n\t\t\t\t\t\t\t\t\t\t\t\t\t\t\t\t\t\t\t\t\t\t                                                            <div class=\"btn-wraper\">\n                                    \n                                                                            <a class=\"elementskit-btn whitespace--normal\" id=\"\" href=\"https:\/\/opslaczna.pl\/?p=1579\">\n                                        \t                                            Dowiedz si\u0119 wi\u0119cej                                         <\/a>\n                                                                    <\/div>\n                                                    <\/div><!-- .elementskit-post-body END -->\n                    <\/div>\n                \n            <\/div>\n                    <div class=\"col-lg-4 col-md-6\">\n\n                                    <div class=\"elementskit-post-image-card\">\n                        <div class=\"elementskit-entry-header\">\n                            \n                            \n\t\t\t\t\t\t\t\t\t\t\t\t\t<\/div><!-- .elementskit-entry-header END -->\n\n\t\t\t\t\t\t<div class=\"elementskit-post-body \">\n\t\t\t\t\t\t\t\n\t\t\t\t\t\t\t\t\t\t\t\t\t\t\t\t\t\t\t\t\t\t\t\t\t\t\t\t\t\t\n\t\t\t\t\t\t\t\t\n\t\t\t\t\t\t\t\t\t\t\t\t\t\t\t\t\t\t\t\t\t<h2 class=\"entry-title\">\n\t\t\t\t\t<a href=\"https:\/\/opslaczna.pl\/?p=1462\">\n\t\t\t\t\t\t&#8222;Asystent osobisty osoby z niepe\u0142nosprawno\u015bci\u0105&#8221; &#8211; edycja 2025\t\t\t\t\t<\/a>\n\t\t\t\t<\/h2>\n\t\t\t\t\t\t\t\t\t\t\t\t\t\t\t\t\t\t\t\t\t\t\t\t\t\t\t\t\t\t\t\t\t\t\t\t\t\t\t\t\t\t<p>\u00a0 W\u00f3jt Gminy \u0141\u0105czna Wojciech F\u0105fara przy kontrasygnacie Skarbnika Gminy Joanny Kopytek\u00a0 podpisali w dniu 06 grudnia 2025r.\u00a0 umow\u0119 z&hellip;<\/p>\n\t\t\t\t\t\t\t\t\t\t\t\t\t\t\t\t\t\t\t\t\t\t                                                            <div class=\"btn-wraper\">\n                                    \n                                                                            <a class=\"elementskit-btn whitespace--normal\" id=\"\" href=\"https:\/\/opslaczna.pl\/?p=1462\">\n                                        \t                                            Dowiedz si\u0119 wi\u0119cej                                         <\/a>\n                                                                    <\/div>\n                                                    <\/div><!-- .elementskit-post-body END -->\n                    <\/div>\n                \n            <\/div>\n                <\/div>\n       <\/div>\t\t\t\t<\/div>\n\t\t\t\t<\/div>\n\t\t\t\t\t<\/div>\n\t\t<\/div>\n\t\t\t\t\t<\/div>\n\t\t<\/section>\n\t\t\t\t<\/div>\n\t\t","protected":false},"excerpt":{"rendered":"<p>Asystent osobisty osoby z niepe\u0142nosprawno\u015bci\u0105 \u00a0\u00a0\u00a0\u00a0 Gminny O\u015brodek Pomocy Spo\u0142ecznej w \u0141\u0105cznej informuje, \u017ce rozpocz\u0105\u0142 si\u0119 nab\u00f3r wniosk\u00f3w w ramach\u00a0 resortowego Programu Ministra Rodziny, Pracy&hellip; Dowiedz si\u0119 wi\u0119cej &#8222;Asystent osobisty osoby z niepe\u0142nosprawno\u015bci\u0105&#8221; &#8211; edycja 2025 \u00a0 W\u00f3jt Gminy \u0141\u0105czna Wojciech F\u0105fara przy kontrasygnacie Skarbnika Gminy Joanny Kopytek\u00a0 podpisali w dniu 06 grudnia 2025r.\u00a0 umow\u0119 &hellip; <\/p>\n","protected":false},"author":2,"featured_media":0,"parent":0,"menu_order":0,"comment_status":"closed","ping_status":"closed","template":"","meta":{"footnotes":""},"class_list":["post-1595","page","type-page","status-publish","hentry"],"_links":{"self":[{"href":"https:\/\/opslaczna.pl\/index.php?rest_route=\/wp\/v2\/pages\/1595","targetHints":{"allow":["GET"]}}],"collection":[{"href":"https:\/\/opslaczna.pl\/index.php?rest_route=\/wp\/v2\/pages"}],"about":[{"href":"https:\/\/opslaczna.pl\/index.php?rest_route=\/wp\/v2\/types\/page"}],"author":[{"embeddable":true,"href":"https:\/\/opslaczna.pl\/index.php?rest_route=\/wp\/v2\/users\/2"}],"replies":[{"embeddable":true,"href":"https:\/\/opslaczna.pl\/index.php?rest_route=%2Fwp%2Fv2%2Fcomments&post=1595"}],"version-history":[{"count":14,"href":"https:\/\/opslaczna.pl\/index.php?rest_route=\/wp\/v2\/pages\/1595\/revisions"}],"predecessor-version":[{"id":1647,"href":"https:\/\/opslaczna.pl\/index.php?rest_route=\/wp\/v2\/pages\/1595\/revisions\/1647"}],"wp:attachment":[{"href":"https:\/\/opslaczna.pl\/index.php?rest_route=%2Fwp%2Fv2%2Fmedia&parent=1595"}],"curies":[{"name":"wp","href":"https:\/\/api.w.org\/{rel}","templated":true}]}}